{"id":9,"date":"2019-01-29T18:32:39","date_gmt":"2019-01-29T17:32:39","guid":{"rendered":"http:\/\/berreby.com\/?page_id=9"},"modified":"2026-02-15T22:53:08","modified_gmt":"2026-02-15T21:53:08","slug":"herve-berreby-psychologue-besse-sur-issole","status":"publish","type":"page","link":"https:\/\/berreby.com\/","title":{"rendered":"ACCUEIL"},"content":{"rendered":"\t\t<div data-elementor-type=\"wp-post\" data-elementor-id=\"9\" class=\"elementor elementor-9\">\n\t\t\t\t\t\t<section class=\"elementor-section elementor-top-section elementor-element elementor-element-3b98406 elementor-section-boxed elementor-section-height-default elementor-section-height-default\" data-id=\"3b98406\" data-element_type=\"section\" data-e-type=\"section\">\n\t\t\t\t\t\t<div class=\"elementor-container elementor-column-gap-default\">\n\t\t\t\t\t<div class=\"elementor-column elementor-col-100 elementor-top-column elementor-element elementor-element-3c6bd31\" data-id=\"3c6bd31\" data-element_type=\"column\" data-e-type=\"column\">\n\t\t\t<div class=\"elementor-widget-wrap elementor-element-populated\">\n\t\t\t\t\t\t<div class=\"elementor-element elementor-element-4da1d10 elementor-widget elementor-widget-image\" data-id=\"4da1d10\" data-element_type=\"widget\" data-e-type=\"widget\" data-widget_type=\"image.default\">\n\t\t\t\t<div class=\"elementor-widget-container\">\n\t\t\t\t\t\t\t\t\t\t\t\t\t\t\t<img fetchpriority=\"high\" decoding=\"async\" width=\"300\" height=\"241\" src=\"https:\/\/berreby.com\/wp-content\/uploads\/2019\/02\/IMG_20180719_212110-300x241.jpg\" class=\"attachment-medium size-medium wp-image-839\" alt=\"\" srcset=\"https:\/\/berreby.com\/wp-content\/uploads\/2019\/02\/IMG_20180719_212110-300x241.jpg 300w, https:\/\/berreby.com\/wp-content\/uploads\/2019\/02\/IMG_20180719_212110-768x616.jpg 768w, https:\/\/berreby.com\/wp-content\/uploads\/2019\/02\/IMG_20180719_212110-1024x822.jpg 1024w\" sizes=\"(max-width: 300px) 100vw, 300px\" \/>\t\t\t\t\t\t\t\t\t\t\t\t\t\t\t<\/div>\n\t\t\t\t<\/div>\n\t\t\t\t\t<\/div>\n\t\t<\/div>\n\t\t\t\t\t<\/div>\n\t\t<\/section>\n\t\t\t\t<section class=\"elementor-section elementor-top-section elementor-element elementor-element-591eb82 elementor-section-boxed elementor-section-height-default elementor-section-height-default\" data-id=\"591eb82\" data-element_type=\"section\" data-e-type=\"section\">\n\t\t\t\t\t\t<div class=\"elementor-container elementor-column-gap-default\">\n\t\t\t\t\t<div class=\"elementor-column elementor-col-100 elementor-top-column elementor-element elementor-element-e9f0e86\" data-id=\"e9f0e86\" data-element_type=\"column\" data-e-type=\"column\">\n\t\t\t<div class=\"elementor-widget-wrap elementor-element-populated\">\n\t\t\t\t\t\t<div class=\"elementor-element elementor-element-1e124a4 elementor-widget elementor-widget-heading\" data-id=\"1e124a4\" data-element_type=\"widget\" data-e-type=\"widget\" data-widget_type=\"heading.default\">\n\t\t\t\t<div class=\"elementor-widget-container\">\n\t\t\t\t\t<h1 class=\"elementor-heading-title elementor-size-default\"><b>Herv\u00e9 BERREBY<\/b><\/h1>\t\t\t\t<\/div>\n\t\t\t\t<\/div>\n\t\t\t\t<div class=\"elementor-element elementor-element-6664001 elementor-widget elementor-widget-heading\" data-id=\"6664001\" data-element_type=\"widget\" data-e-type=\"widget\" data-widget_type=\"heading.default\">\n\t\t\t\t<div class=\"elementor-widget-container\">\n\t\t\t\t\t<h2 class=\"elementor-heading-title elementor-size-default\">Psychologue Clinicien<br><h2 class=\"elementor-heading-title elementor-size-default elementor-inline-editing pen\" data-elementor-setting-key=\"title\" data-pen-placeholder=\"\u00c9crivez ici...\" style=\"font-family: Montserrat, sans-serif;font-size: 32px;font-style: normal;font-weight: 400\">\u00e0 Besse-sur-Issole dans le Var.<span style=\"font-family: Montserrat, sans-serif;font-size: 32px;font-style: normal;font-weight: 400\"><\/span><\/h2><\/h2>\t\t\t\t<\/div>\n\t\t\t\t<\/div>\n\t\t\t\t<div class=\"elementor-element elementor-element-ab6a308 elementor-widget elementor-widget-heading\" data-id=\"ab6a308\" data-element_type=\"widget\" data-e-type=\"widget\" data-widget_type=\"heading.default\">\n\t\t\t\t<div class=\"elementor-widget-container\">\n\t\t\t\t\t<h3 class=\"elementor-heading-title elementor-size-default\">Bienvenue \u00e0 vous !<\/h3>\t\t\t\t<\/div>\n\t\t\t\t<\/div>\n\t\t\t\t<div class=\"elementor-element elementor-element-93290e0 elementor-widget elementor-widget-heading\" data-id=\"93290e0\" data-element_type=\"widget\" data-e-type=\"widget\" data-widget_type=\"heading.default\">\n\t\t\t\t<div class=\"elementor-widget-container\">\n\t\t\t\t\t<h3 class=\"elementor-heading-title elementor-size-default\">Je suis Psychologue Clinicien Psychoth\u00e9rapeute Humaniste agr\u00e9\u00e9 et dipl\u00f4m\u00e9 d'un Master 2 en Psychologie Clinique et Psychopathologie de l'Universit\u00e9 Aix-Marseille.<\/h3>\t\t\t\t<\/div>\n\t\t\t\t<\/div>\n\t\t\t\t<div class=\"elementor-element elementor-element-5b2515a elementor-widget elementor-widget-heading\" data-id=\"5b2515a\" data-element_type=\"widget\" data-e-type=\"widget\" data-widget_type=\"heading.default\">\n\t\t\t\t<div class=\"elementor-widget-container\">\n\t\t\t\t\t<h3 class=\"elementor-heading-title elementor-size-default\">Je vous accueille \u00e0 Besse-sur-Issole pour un \u00e9change authentique : je suis un psy qui vous parle !<\/h3>\t\t\t\t<\/div>\n\t\t\t\t<\/div>\n\t\t\t\t<div class=\"elementor-element elementor-element-d13dc64 elementor-widget elementor-widget-heading\" data-id=\"d13dc64\" data-element_type=\"widget\" data-e-type=\"widget\" data-widget_type=\"heading.default\">\n\t\t\t\t<div class=\"elementor-widget-container\">\n\t\t\t\t\t<h3 class=\"elementor-heading-title elementor-size-default\">Ici, la th\u00e9rapie ne s\u2019enferme pas entre quatre murs.<\/h3>\t\t\t\t<\/div>\n\t\t\t\t<\/div>\n\t\t\t\t<div class=\"elementor-element elementor-element-70a184f elementor-widget elementor-widget-heading\" data-id=\"70a184f\" data-element_type=\"widget\" data-e-type=\"widget\" data-widget_type=\"heading.default\">\n\t\t\t\t<div class=\"elementor-widget-container\">\n\t\t\t\t\t<h3 class=\"elementor-heading-title elementor-size-default\">Au c\u0153ur d\u2019un domaine de 2 hectares \u00e0 moins de 10 minutes du village, nous choisissons ensemble le cadre de notre rencontre : le calme protecteur du cabinet ou la respiration du parc, au rythme de la nature et de mes animaux en libert\u00e9.<\/h3>\t\t\t\t<\/div>\n\t\t\t\t<\/div>\n\t\t\t\t<div class=\"elementor-element elementor-element-ffd7886 elementor-widget elementor-widget-heading\" data-id=\"ffd7886\" data-element_type=\"widget\" data-e-type=\"widget\" data-widget_type=\"heading.default\">\n\t\t\t\t<div class=\"elementor-widget-container\">\n\t\t\t\t\t<h3 class=\"elementor-heading-title elementor-size-default\">Que nous cheminions assis ou en marchant, je vous propose un v\u00e9ritable compagnonnage de voyage pour explorer vos d\u00e9fis personnels et retrouver votre libert\u00e9 d\u2019agir.<\/h3>\t\t\t\t<\/div>\n\t\t\t\t<\/div>\n\t\t\t\t<div class=\"elementor-element elementor-element-d11ef7f elementor-widget elementor-widget-heading\" data-id=\"d11ef7f\" data-element_type=\"widget\" data-e-type=\"widget\" data-widget_type=\"heading.default\">\n\t\t\t\t<div class=\"elementor-widget-container\">\n\t\t\t\t\t<h3 class=\"elementor-heading-title elementor-size-default\">Je re\u00e7ois \u00e0 toute heure les adultes, couples, familles, enfants et adolescents.<\/h3>\t\t\t\t<\/div>\n\t\t\t\t<\/div>\n\t\t\t\t<div class=\"elementor-element elementor-element-993ce32 elementor-widget elementor-widget-heading\" data-id=\"993ce32\" data-element_type=\"widget\" data-e-type=\"widget\" data-widget_type=\"heading.default\">\n\t\t\t\t<div class=\"elementor-widget-container\">\n\t\t\t\t\t<h3 class=\"elementor-heading-title elementor-size-default\">Pour tout renseignement ou un rendez-vous, vous pouvez me joindre 7 jours \/ 7, je suis \u00e0 votre disposition au 06 09 03 15 85.<\/h3>\t\t\t\t<\/div>\n\t\t\t\t<\/div>\n\t\t\t\t\t<\/div>\n\t\t<\/div>\n\t\t\t\t\t<\/div>\n\t\t<\/section>\n\t\t\t\t<section class=\"elementor-section elementor-top-section elementor-element elementor-element-3e26faa elementor-section-boxed elementor-section-height-default elementor-section-height-default\" data-id=\"3e26faa\" data-element_type=\"section\" data-e-type=\"section\">\n\t\t\t\t\t\t<div class=\"elementor-container elementor-column-gap-default\">\n\t\t\t\t\t<div class=\"elementor-column elementor-col-33 elementor-top-column elementor-element elementor-element-791574b\" data-id=\"791574b\" data-element_type=\"column\" data-e-type=\"column\">\n\t\t\t<div class=\"elementor-widget-wrap elementor-element-populated\">\n\t\t\t\t\t\t<div class=\"elementor-element elementor-element-b08afc6 elementor-widget elementor-widget-image\" data-id=\"b08afc6\" data-element_type=\"widget\" data-e-type=\"widget\" data-widget_type=\"image.default\">\n\t\t\t\t<div class=\"elementor-widget-container\">\n\t\t\t\t\t\t\t\t\t\t\t\t\t\t\t<img decoding=\"async\" width=\"150\" height=\"150\" src=\"https:\/\/berreby.com\/wp-content\/uploads\/2020\/04\/IMG_20190914_215706036-150x150.jpg\" class=\"attachment-thumbnail size-thumbnail wp-image-931\" alt=\"\" \/>\t\t\t\t\t\t\t\t\t\t\t\t\t\t\t<\/div>\n\t\t\t\t<\/div>\n\t\t\t\t\t<\/div>\n\t\t<\/div>\n\t\t\t\t<div class=\"elementor-column elementor-col-33 elementor-top-column elementor-element elementor-element-7cd9749\" data-id=\"7cd9749\" data-element_type=\"column\" data-e-type=\"column\">\n\t\t\t<div class=\"elementor-widget-wrap elementor-element-populated\">\n\t\t\t\t\t\t<div class=\"elementor-element elementor-element-6a97883 elementor-widget elementor-widget-text-editor\" data-id=\"6a97883\" data-element_type=\"widget\" data-e-type=\"widget\" data-widget_type=\"text-editor.default\">\n\t\t\t\t<div class=\"elementor-widget-container\">\n\t\t\t\t\t\t\t\t\t<h2 class=\"elementor-heading-title elementor-size-default elementor-inline-editing pen\" style=\"font-variant-ligatures: normal; font-variant-caps: normal; font-family: Montserrat, sans-serif; font-size: 18px; font-style: normal; font-weight: 400; color: #0020b2; text-align: center;\" data-elementor-setting-key=\"title\" data-pen-placeholder=\"\u00c9crivez ici...\">Au plaisir de nous rencontrer,<\/h2><h2 class=\"elementor-heading-title elementor-size-default elementor-inline-editing pen\" style=\"font-variant-ligatures: normal; font-variant-caps: normal; font-family: Montserrat, sans-serif; font-size: 18px; font-style: normal; font-weight: 400; color: #0020b2; text-align: center;\" data-elementor-setting-key=\"title\" data-pen-placeholder=\"\u00c9crivez ici...\"><span style=\"font-family: Montserrat, sans-serif; font-size: 18px; font-style: normal; font-variant-ligatures: normal; font-variant-caps: normal; font-weight: 400;\">\u00e0 tr\u00e8s bient\u00f4t,<\/span><\/h2><p>\u00a0<\/p><h2 class=\"elementor-heading-title elementor-size-default elementor-inline-editing pen\" style=\"font-variant-ligatures: normal; font-variant-caps: normal; font-family: Montserrat, sans-serif; font-size: 18px; font-style: normal; font-weight: 400; color: #0020b2; text-align: center;\" data-elementor-setting-key=\"title\" data-pen-placeholder=\"\u00c9crivez ici...\">Herv\u00e9 BERREBY<br \/><span style=\"font-variant-ligatures: normal; font-variant-caps: normal; font-family: Montserrat, sans-serif; font-size: 18px; font-style: normal; font-weight: 400;\">69 Impasse de la Salamandre<\/span><br \/>83890 Besse-sur-Issole<\/h2><p style=\"text-align: center;\"><span style=\"color: #008000;\"><strong>N\u00b0 DE TELEPHONE \u21d2\u00a0<a style=\"color: #008000;\" href=\"tel:0609031585\">06 09 03 15 85<\/a><\/strong><\/span><\/p>\t\t\t\t\t\t\t\t<\/div>\n\t\t\t\t<\/div>\n\t\t\t\t\t<\/div>\n\t\t<\/div>\n\t\t\t\t<div class=\"elementor-column elementor-col-33 elementor-top-column elementor-element elementor-element-115e8ee\" data-id=\"115e8ee\" data-element_type=\"column\" data-e-type=\"column\">\n\t\t\t<div class=\"elementor-widget-wrap elementor-element-populated\">\n\t\t\t\t\t\t<div class=\"elementor-element elementor-element-27a3f9c elementor-widget elementor-widget-image\" data-id=\"27a3f9c\" data-element_type=\"widget\" data-e-type=\"widget\" data-widget_type=\"image.default\">\n\t\t\t\t<div class=\"elementor-widget-container\">\n\t\t\t\t\t\t\t\t\t\t\t\t\t\t\t<img decoding=\"async\" width=\"150\" height=\"150\" src=\"https:\/\/berreby.com\/wp-content\/uploads\/2019\/02\/psy-150x150.png\" class=\"attachment-thumbnail size-thumbnail wp-image-855\" alt=\"\" srcset=\"https:\/\/berreby.com\/wp-content\/uploads\/2019\/02\/psy-150x150.png 150w, https:\/\/berreby.com\/wp-content\/uploads\/2019\/02\/psy-298x300.png 298w, https:\/\/berreby.com\/wp-content\/uploads\/2019\/02\/psy-768x774.png 768w, https:\/\/berreby.com\/wp-content\/uploads\/2019\/02\/psy.png 1016w\" sizes=\"(max-width: 150px) 100vw, 150px\" \/>\t\t\t\t\t\t\t\t\t\t\t\t\t\t\t<\/div>\n\t\t\t\t<\/div>\n\t\t\t\t\t<\/div>\n\t\t<\/div>\n\t\t\t\t\t<\/div>\n\t\t<\/section>\n\t\t\t\t<\/div>\n\t\t","protected":false},"excerpt":{"rendered":"<p>Herv\u00e9 BERREBY Psychologue Clinicien \u00e0 Besse-sur-Issole dans le Var. Bienvenue \u00e0 vous ! Je suis Psychologue Clinicien Psychoth\u00e9rapeute Humaniste agr\u00e9\u00e9 et dipl\u00f4m\u00e9 d&rsquo;un Master 2 en Psychologie Clinique et Psychopathologie de l&rsquo;Universit\u00e9 Aix-Marseille. Je vous accueille \u00e0 Besse-sur-Issole pour un \u00e9change authentique : je suis un psy qui vous parle ! Ici, la th\u00e9rapie ne [&hellip;]<\/p>\n","protected":false},"author":1,"featured_media":0,"parent":0,"menu_order":0,"comment_status":"closed","ping_status":"closed","template":"","meta":{"_monsterinsights_skip_tracking":false,"_monsterinsights_sitenote_active":false,"_monsterinsights_sitenote_note":"","_monsterinsights_sitenote_category":0,"ocean_post_layout":"","ocean_both_sidebars_style":"","ocean_both_sidebars_content_width":0,"ocean_both_sidebars_sidebars_width":0,"ocean_sidebar":"0","ocean_second_sidebar":"0","ocean_disable_margins":"enable","ocean_add_body_class":"","ocean_shortcode_before_top_bar":"","ocean_shortcode_after_top_bar":"","ocean_shortcode_before_header":"","ocean_shortcode_after_header":"","ocean_has_shortcode":"","ocean_shortcode_after_title":"","ocean_shortcode_before_footer_widgets":"","ocean_shortcode_after_footer_widgets":"","ocean_shortcode_before_footer_bottom":"","ocean_shortcode_after_footer_bottom":"","ocean_display_top_bar":"default","ocean_display_header":"default","ocean_header_style":"top","ocean_center_header_left_menu":"0","ocean_custom_header_template":"0","ocean_custom_logo":0,"ocean_custom_retina_logo":0,"ocean_custom_logo_max_width":0,"ocean_custom_logo_tablet_max_width":0,"ocean_custom_logo_mobile_max_width":0,"ocean_custom_logo_max_height":0,"ocean_custom_logo_tablet_max_height":0,"ocean_custom_logo_mobile_max_height":0,"ocean_header_custom_menu":"0","ocean_menu_typo_font_family":"0","ocean_menu_typo_font_subset":"","ocean_menu_typo_font_size":0,"ocean_menu_typo_font_size_tablet":0,"ocean_menu_typo_font_size_mobile":0,"ocean_menu_typo_font_size_unit":"px","ocean_menu_typo_font_weight":"","ocean_menu_typo_font_weight_tablet":"","ocean_menu_typo_font_weight_mobile":"","ocean_menu_typo_transform":"","ocean_menu_typo_transform_tablet":"","ocean_menu_typo_transform_mobile":"","ocean_menu_typo_line_height":0,"ocean_menu_typo_line_height_tablet":0,"ocean_menu_typo_line_height_mobile":0,"ocean_menu_typo_line_height_unit":"","ocean_menu_typo_spacing":0,"ocean_menu_typo_spacing_tablet":0,"ocean_menu_typo_spacing_mobile":0,"ocean_menu_typo_spacing_unit":"","ocean_menu_link_color":"","ocean_menu_link_color_hover":"","ocean_menu_link_color_active":"","ocean_menu_link_background":"","ocean_menu_link_hover_background":"","ocean_menu_link_active_background":"","ocean_menu_social_links_bg":"","ocean_menu_social_hover_links_bg":"","ocean_menu_social_links_color":"","ocean_menu_social_hover_links_color":"","ocean_disable_title":"default","ocean_disable_heading":"default","ocean_post_title":"","ocean_post_subheading":"","ocean_post_title_style":"","ocean_post_title_background_color":"","ocean_post_title_background":0,"ocean_post_title_bg_image_position":"","ocean_post_title_bg_image_attachment":"","ocean_post_title_bg_image_repeat":"","ocean_post_title_bg_image_size":"","ocean_post_title_height":0,"ocean_post_title_bg_overlay":0.5,"ocean_post_title_bg_overlay_color":"","ocean_disable_breadcrumbs":"default","ocean_breadcrumbs_color":"","ocean_breadcrumbs_separator_color":"","ocean_breadcrumbs_links_color":"","ocean_breadcrumbs_links_hover_color":"","ocean_display_footer_widgets":"default","ocean_display_footer_bottom":"default","ocean_custom_footer_template":"0","footnotes":""},"class_list":["post-9","page","type-page","status-publish","hentry","entry"],"yoast_head":"<!-- This site is optimized with the Yoast SEO plugin v27.5 - https:\/\/yoast.com\/product\/yoast-seo-wordpress\/ -->\n<title>Herv\u00e9 BERREBY Psychologue \u00e0 Besse-sur-Issole<\/title>\n<meta name=\"robots\" content=\"index, follow, max-snippet:-1, max-image-preview:large, max-video-preview:-1\" \/>\n<link rel=\"canonical\" href=\"https:\/\/berreby.com\/\" \/>\n<meta property=\"og:locale\" content=\"fr_FR\" \/>\n<meta property=\"og:type\" content=\"article\" \/>\n<meta property=\"og:title\" content=\"Herv\u00e9 BERREBY Psychologue \u00e0 Besse-sur-Issole\" \/>\n<meta property=\"og:description\" content=\"Herv\u00e9 BERREBY Psychologue Clinicien \u00e0 Besse-sur-Issole dans le Var. Bienvenue \u00e0 vous ! Je suis Psychologue Clinicien Psychoth\u00e9rapeute Humaniste agr\u00e9\u00e9 et dipl\u00f4m\u00e9 d&rsquo;un Master 2 en Psychologie Clinique et Psychopathologie de l&rsquo;Universit\u00e9 Aix-Marseille. Je vous accueille \u00e0 Besse-sur-Issole pour un \u00e9change authentique : je suis un psy qui vous parle ! Ici, la th\u00e9rapie ne [&hellip;]\" \/>\n<meta property=\"og:url\" content=\"https:\/\/berreby.com\/\" \/>\n<meta property=\"og:site_name\" content=\"Herv\u00e9 BERREBY - Psychologue clinicien \u00e0 Besse-sur-Issole dans le Var - 0609031585\" \/>\n<meta property=\"article:modified_time\" content=\"2026-02-15T21:53:08+00:00\" \/>\n<meta property=\"og:image\" content=\"https:\/\/berreby.com\/wp-content\/uploads\/2019\/02\/IMG_20180719_212110.jpg\" \/>\n\t<meta property=\"og:image:width\" content=\"2065\" \/>\n\t<meta property=\"og:image:height\" content=\"1657\" \/>\n\t<meta property=\"og:image:type\" content=\"image\/jpeg\" \/>\n<meta name=\"twitter:card\" content=\"summary_large_image\" \/>\n<meta name=\"twitter:label1\" content=\"Dur\u00e9e de lecture estim\u00e9e\" \/>\n\t<meta name=\"twitter:data1\" content=\"2 minutes\" \/>\n<script type=\"application\/ld+json\" class=\"yoast-schema-graph\">{\"@context\":\"https:\\\/\\\/schema.org\",\"@graph\":[{\"@type\":\"WebPage\",\"@id\":\"https:\\\/\\\/berreby.com\\\/\",\"url\":\"https:\\\/\\\/berreby.com\\\/\",\"name\":\"Herv\u00e9 BERREBY Psychologue \u00e0 Besse-sur-Issole\",\"isPartOf\":{\"@id\":\"https:\\\/\\\/berreby.com\\\/#website\"},\"primaryImageOfPage\":{\"@id\":\"https:\\\/\\\/berreby.com\\\/#primaryimage\"},\"image\":{\"@id\":\"https:\\\/\\\/berreby.com\\\/#primaryimage\"},\"thumbnailUrl\":\"https:\\\/\\\/berreby.com\\\/wp-content\\\/uploads\\\/2019\\\/02\\\/IMG_20180719_212110-300x241.jpg\",\"datePublished\":\"2019-01-29T17:32:39+00:00\",\"dateModified\":\"2026-02-15T21:53:08+00:00\",\"breadcrumb\":{\"@id\":\"https:\\\/\\\/berreby.com\\\/#breadcrumb\"},\"inLanguage\":\"fr-FR\",\"potentialAction\":[{\"@type\":\"ReadAction\",\"target\":[\"https:\\\/\\\/berreby.com\\\/\"]}]},{\"@type\":\"ImageObject\",\"inLanguage\":\"fr-FR\",\"@id\":\"https:\\\/\\\/berreby.com\\\/#primaryimage\",\"url\":\"https:\\\/\\\/berreby.com\\\/wp-content\\\/uploads\\\/2019\\\/02\\\/IMG_20180719_212110.jpg\",\"contentUrl\":\"https:\\\/\\\/berreby.com\\\/wp-content\\\/uploads\\\/2019\\\/02\\\/IMG_20180719_212110.jpg\",\"width\":2065,\"height\":1657},{\"@type\":\"BreadcrumbList\",\"@id\":\"https:\\\/\\\/berreby.com\\\/#breadcrumb\",\"itemListElement\":[{\"@type\":\"ListItem\",\"position\":1,\"name\":\"Accueil\",\"item\":\"https:\\\/\\\/berreby.com\\\/\"},{\"@type\":\"ListItem\",\"position\":2,\"name\":\"ACCUEIL\"}]},{\"@type\":\"WebSite\",\"@id\":\"https:\\\/\\\/berreby.com\\\/#website\",\"url\":\"https:\\\/\\\/berreby.com\\\/\",\"name\":\"Herv\u00e9 BERREBY - Psychologue clinicien \u00e0 Besse-sur-Issole dans le Var - 0609031585\",\"description\":\"Herv\u00e9 BERREBY - Psychologue clinicien - Psychoth\u00e9rapeute Humaniste - 0609031585\",\"publisher\":{\"@id\":\"https:\\\/\\\/berreby.com\\\/#organization\"},\"potentialAction\":[{\"@type\":\"SearchAction\",\"target\":{\"@type\":\"EntryPoint\",\"urlTemplate\":\"https:\\\/\\\/berreby.com\\\/?s={search_term_string}\"},\"query-input\":{\"@type\":\"PropertyValueSpecification\",\"valueRequired\":true,\"valueName\":\"search_term_string\"}}],\"inLanguage\":\"fr-FR\"},{\"@type\":\"Organization\",\"@id\":\"https:\\\/\\\/berreby.com\\\/#organization\",\"name\":\"Herv\u00e9 BERREBY Psychologue Aix-en-Provence\",\"url\":\"https:\\\/\\\/berreby.com\\\/\",\"logo\":{\"@type\":\"ImageObject\",\"inLanguage\":\"fr-FR\",\"@id\":\"https:\\\/\\\/berreby.com\\\/#\\\/schema\\\/logo\\\/image\\\/\",\"url\":\"https:\\\/\\\/berreby.com\\\/wp-content\\\/uploads\\\/2019\\\/02\\\/fleurs-1.jpg\",\"contentUrl\":\"https:\\\/\\\/berreby.com\\\/wp-content\\\/uploads\\\/2019\\\/02\\\/fleurs-1.jpg\",\"width\":2400,\"height\":713,\"caption\":\"Herv\u00e9 BERREBY Psychologue Aix-en-Provence\"},\"image\":{\"@id\":\"https:\\\/\\\/berreby.com\\\/#\\\/schema\\\/logo\\\/image\\\/\"}}]}<\/script>\n<!-- \/ Yoast SEO plugin. -->","yoast_head_json":{"title":"Herv\u00e9 BERREBY Psychologue \u00e0 Besse-sur-Issole","robots":{"index":"index","follow":"follow","max-snippet":"max-snippet:-1","max-image-preview":"max-image-preview:large","max-video-preview":"max-video-preview:-1"},"canonical":"https:\/\/berreby.com\/","og_locale":"fr_FR","og_type":"article","og_title":"Herv\u00e9 BERREBY Psychologue \u00e0 Besse-sur-Issole","og_description":"Herv\u00e9 BERREBY Psychologue Clinicien \u00e0 Besse-sur-Issole dans le Var. Bienvenue \u00e0 vous ! Je suis Psychologue Clinicien Psychoth\u00e9rapeute Humaniste agr\u00e9\u00e9 et dipl\u00f4m\u00e9 d&rsquo;un Master 2 en Psychologie Clinique et Psychopathologie de l&rsquo;Universit\u00e9 Aix-Marseille. Je vous accueille \u00e0 Besse-sur-Issole pour un \u00e9change authentique : je suis un psy qui vous parle ! Ici, la th\u00e9rapie ne [&hellip;]","og_url":"https:\/\/berreby.com\/","og_site_name":"Herv\u00e9 BERREBY - Psychologue clinicien \u00e0 Besse-sur-Issole dans le Var - 0609031585","article_modified_time":"2026-02-15T21:53:08+00:00","og_image":[{"width":2065,"height":1657,"url":"https:\/\/berreby.com\/wp-content\/uploads\/2019\/02\/IMG_20180719_212110.jpg","type":"image\/jpeg"}],"twitter_card":"summary_large_image","twitter_misc":{"Dur\u00e9e de lecture estim\u00e9e":"2 minutes"},"schema":{"@context":"https:\/\/schema.org","@graph":[{"@type":"WebPage","@id":"https:\/\/berreby.com\/","url":"https:\/\/berreby.com\/","name":"Herv\u00e9 BERREBY Psychologue \u00e0 Besse-sur-Issole","isPartOf":{"@id":"https:\/\/berreby.com\/#website"},"primaryImageOfPage":{"@id":"https:\/\/berreby.com\/#primaryimage"},"image":{"@id":"https:\/\/berreby.com\/#primaryimage"},"thumbnailUrl":"https:\/\/berreby.com\/wp-content\/uploads\/2019\/02\/IMG_20180719_212110-300x241.jpg","datePublished":"2019-01-29T17:32:39+00:00","dateModified":"2026-02-15T21:53:08+00:00","breadcrumb":{"@id":"https:\/\/berreby.com\/#breadcrumb"},"inLanguage":"fr-FR","potentialAction":[{"@type":"ReadAction","target":["https:\/\/berreby.com\/"]}]},{"@type":"ImageObject","inLanguage":"fr-FR","@id":"https:\/\/berreby.com\/#primaryimage","url":"https:\/\/berreby.com\/wp-content\/uploads\/2019\/02\/IMG_20180719_212110.jpg","contentUrl":"https:\/\/berreby.com\/wp-content\/uploads\/2019\/02\/IMG_20180719_212110.jpg","width":2065,"height":1657},{"@type":"BreadcrumbList","@id":"https:\/\/berreby.com\/#breadcrumb","itemListElement":[{"@type":"ListItem","position":1,"name":"Accueil","item":"https:\/\/berreby.com\/"},{"@type":"ListItem","position":2,"name":"ACCUEIL"}]},{"@type":"WebSite","@id":"https:\/\/berreby.com\/#website","url":"https:\/\/berreby.com\/","name":"Herv\u00e9 BERREBY - Psychologue clinicien \u00e0 Besse-sur-Issole dans le Var - 0609031585","description":"Herv\u00e9 BERREBY - Psychologue clinicien - Psychoth\u00e9rapeute Humaniste - 0609031585","publisher":{"@id":"https:\/\/berreby.com\/#organization"},"potentialAction":[{"@type":"SearchAction","target":{"@type":"EntryPoint","urlTemplate":"https:\/\/berreby.com\/?s={search_term_string}"},"query-input":{"@type":"PropertyValueSpecification","valueRequired":true,"valueName":"search_term_string"}}],"inLanguage":"fr-FR"},{"@type":"Organization","@id":"https:\/\/berreby.com\/#organization","name":"Herv\u00e9 BERREBY Psychologue Aix-en-Provence","url":"https:\/\/berreby.com\/","logo":{"@type":"ImageObject","inLanguage":"fr-FR","@id":"https:\/\/berreby.com\/#\/schema\/logo\/image\/","url":"https:\/\/berreby.com\/wp-content\/uploads\/2019\/02\/fleurs-1.jpg","contentUrl":"https:\/\/berreby.com\/wp-content\/uploads\/2019\/02\/fleurs-1.jpg","width":2400,"height":713,"caption":"Herv\u00e9 BERREBY Psychologue Aix-en-Provence"},"image":{"@id":"https:\/\/berreby.com\/#\/schema\/logo\/image\/"}}]}},"_links":{"self":[{"href":"https:\/\/berreby.com\/index.php\/wp-json\/wp\/v2\/pages\/9","targetHints":{"allow":["GET"]}}],"collection":[{"href":"https:\/\/berreby.com\/index.php\/wp-json\/wp\/v2\/pages"}],"about":[{"href":"https:\/\/berreby.com\/index.php\/wp-json\/wp\/v2\/types\/page"}],"author":[{"embeddable":true,"href":"https:\/\/berreby.com\/index.php\/wp-json\/wp\/v2\/users\/1"}],"replies":[{"embeddable":true,"href":"https:\/\/berreby.com\/index.php\/wp-json\/wp\/v2\/comments?post=9"}],"version-history":[{"count":239,"href":"https:\/\/berreby.com\/index.php\/wp-json\/wp\/v2\/pages\/9\/revisions"}],"predecessor-version":[{"id":1827,"href":"https:\/\/berreby.com\/index.php\/wp-json\/wp\/v2\/pages\/9\/revisions\/1827"}],"wp:attachment":[{"href":"https:\/\/berreby.com\/index.php\/wp-json\/wp\/v2\/media?parent=9"}],"curies":[{"name":"wp","href":"https:\/\/api.w.org\/{rel}","templated":true}]}}